{"id":3179,"date":"2026-04-12T23:05:36","date_gmt":"2026-04-12T23:05:36","guid":{"rendered":"https:\/\/www.solesconfort.com.mx\/?product=soles-pv26"},"modified":"2026-04-12T23:05:36","modified_gmt":"2026-04-12T23:05:36","slug":"soles-pv26","status":"publish","type":"product","link":"https:\/\/www.solesconfort.com.mx\/?product=soles-pv26","title":{"rendered":"SOLES-PV26"},"content":{"rendered":"<p>Sandalia en sint\u00e9tico azul con dise\u00f1o ergon\u00f3mico.<br \/>\nEstructura de tiras cruzadas sobre plataforma ligera.<\/p>\n","protected":false},"excerpt":{"rendered":"<p>Sandalia en sint\u00e9tico azul con dise\u00f1o ergon\u00f3mico. Estructura de tiras cruzadas sobre plataforma ligera.<\/p>\n","protected":false},"featured_media":3158,"comment_status":"open","ping_status":"closed","template":"","meta":[],"product_brand":[],"product_cat":[15],"product_tag":[73],"class_list":{"0":"post-3179","1":"product","2":"type-product","3":"status-publish","4":"has-post-thumbnail","6":"product_cat-uncategorized","7":"product_tag-sandalias","9":"first","10":"instock","11":"shipping-taxable","12":"product-type-simple"},"_links":{"self":[{"href":"https:\/\/www.solesconfort.com.mx\/index.php?rest_route=\/wp\/v2\/product\/3179","targetHints":{"allow":["GET"]}}],"collection":[{"href":"https:\/\/www.solesconfort.com.mx\/index.php?rest_route=\/wp\/v2\/product"}],"about":[{"href":"https:\/\/www.solesconfort.com.mx\/index.php?rest_route=\/wp\/v2\/types\/product"}],"replies":[{"embeddable":true,"href":"https:\/\/www.solesconfort.com.mx\/index.php?rest_route=%2Fwp%2Fv2%2Fcomments&post=3179"}],"wp:featuredmedia":[{"embeddable":true,"href":"https:\/\/www.solesconfort.com.mx\/index.php?rest_route=\/wp\/v2\/media\/3158"}],"wp:attachment":[{"href":"https:\/\/www.solesconfort.com.mx\/index.php?rest_route=%2Fwp%2Fv2%2Fmedia&parent=3179"}],"wp:term":[{"taxonomy":"product_brand","embeddable":true,"href":"https:\/\/www.solesconfort.com.mx\/index.php?rest_route=%2Fwp%2Fv2%2Fproduct_brand&post=3179"},{"taxonomy":"product_cat","embeddable":true,"href":"https:\/\/www.solesconfort.com.mx\/index.php?rest_route=%2Fwp%2Fv2%2Fproduct_cat&post=3179"},{"taxonomy":"product_tag","embeddable":true,"href":"https:\/\/www.solesconfort.com.mx\/index.php?rest_route=%2Fwp%2Fv2%2Fproduct_tag&post=3179"}],"curies":[{"name":"wp","href":"https:\/\/api.w.org\/{rel}","templated":true}]}}